{"id":72,"date":"2024-03-13T20:03:44","date_gmt":"2024-03-13T20:03:44","guid":{"rendered":"https:\/\/funny-food.de\/?page_id=72"},"modified":"2025-03-22T13:45:04","modified_gmt":"2025-03-22T13:45:04","slug":"ueber-mich","status":"publish","type":"page","link":"https:\/\/funny-food.de\/?page_id=72","title":{"rendered":"\u00dcber mich"},"content":{"rendered":"\n<div class=\"wp-block-columns is-layout-flex wp-container-core-columns-is-layout-28f84493 wp-block-columns-is-layout-flex\">\n<div class=\"wp-block-column is-layout-flow wp-block-column-is-layout-flow\">\n<p>Sch\u00f6n, dass Du da bist! <\/p>\n\n\n\n<p>Ich bin Anke und der kreative Kopf hinter dieser Seite. Meine Leidenschaft ist die kreative Gestaltung von Lebensmitteln. Egal ob Pinguin, Schmetterling oder einfach nur eine sch\u00f6ne Tellerdekoration. Ich verwandle frisches Obst und Gem\u00fcse in kreative  Kunstwerke, die mit einem L\u00e4cheln gegessen werden.<\/p>\n<\/div>\n\n\n\n<div class=\"wp-block-column is-layout-flow wp-block-column-is-layout-flow\">\n<figure class=\"wp-block-image aligncenter size-large is-resized\"><img loading=\"lazy\" decoding=\"async\" width=\"2531\" height=\"1897\" src=\"https:\/\/funny-food.de\/wp-content\/uploads\/2024\/05\/funnyfood-0010-Kopie.-klein-jpg-edited.jpg\" alt=\"\" class=\"wp-image-161\" style=\"width:387px;height:auto\" srcset=\"https:\/\/funny-food.de\/wp-content\/uploads\/2024\/05\/funnyfood-0010-Kopie.-klein-jpg-edited.jpg 2531w, https:\/\/funny-food.de\/wp-content\/uploads\/2024\/05\/funnyfood-0010-Kopie.-klein-jpg-edited-300x225.jpg 300w, https:\/\/funny-food.de\/wp-content\/uploads\/2024\/05\/funnyfood-0010-Kopie.-klein-jpg-edited-1024x767.jpg 1024w, https:\/\/funny-food.de\/wp-content\/uploads\/2024\/05\/funnyfood-0010-Kopie.-klein-jpg-edited-768x576.jpg 768w, https:\/\/funny-food.de\/wp-content\/uploads\/2024\/05\/funnyfood-0010-Kopie.-klein-jpg-edited-1536x1151.jpg 1536w, https:\/\/funny-food.de\/wp-content\/uploads\/2024\/05\/funnyfood-0010-Kopie.-klein-jpg-edited-2048x1535.jpg 2048w\" sizes=\"auto, (max-width: 2531px) 100vw, 2531px\" \/><\/figure>\n<\/div>\n<\/div>\n\n\n\n<hr class=\"wp-block-separator has-alpha-channel-opacity is-style-wide\"\/>\n\n\n\n<div class=\"wp-block-columns is-layout-flex wp-container-core-columns-is-layout-28f84493 wp-block-columns-is-layout-flex\">\n<div class=\"wp-block-column is-layout-flow wp-block-column-is-layout-flow\">\n<figure class=\"wp-block-image aligncenter size-full is-resized\"><img loading=\"lazy\" decoding=\"async\" width=\"992\" height=\"992\" src=\"https:\/\/funny-food.de\/wp-content\/uploads\/2024\/03\/Drache-Grisu.-png-Kopie.png\" alt=\"\" class=\"wp-image-111\" style=\"width:365px;height:auto\" srcset=\"https:\/\/funny-food.de\/wp-content\/uploads\/2024\/03\/Drache-Grisu.-png-Kopie.png 992w, https:\/\/funny-food.de\/wp-content\/uploads\/2024\/03\/Drache-Grisu.-png-Kopie-300x300.png 300w, https:\/\/funny-food.de\/wp-content\/uploads\/2024\/03\/Drache-Grisu.-png-Kopie-150x150.png 150w, https:\/\/funny-food.de\/wp-content\/uploads\/2024\/03\/Drache-Grisu.-png-Kopie-768x768.png 768w\" sizes=\"auto, (max-width: 992px) 100vw, 992px\" \/><\/figure>\n<\/div>\n\n\n\n<div class=\"wp-block-column is-layout-flow wp-block-column-is-layout-flow\">\n<p>Besonders inspirierend finde ich \u00fcbrigens Lebensmittel, die durch ihre ungew\u00f6hnliche Form aus der Reihe tanzen. Ich liebe es nach krummen Obst oder Gem\u00fcse Ausschau zu halten, es sp\u00e4ter dann zu verwandeln und in Szene zu setzen. Da ich schon immer gerne Kindergeschichten geschrieben habe, findest du auf meinem Instagramkanal funnyfood.de nicht nur Szenen aus Foodesia, sondern auch kurze Kindergeschichten dazu.<\/p>\n<\/div>\n<\/div>\n\n\n\n<hr class=\"wp-block-separator has-alpha-channel-opacity is-style-wide\"\/>\n\n\n\n<div class=\"wp-block-columns is-layout-flex wp-container-core-columns-is-layout-28f84493 wp-block-columns-is-layout-flex\">\n<div class=\"wp-block-column is-layout-flow wp-block-column-is-layout-flow\">\n<p>Wenn ich nicht an einem funnyfoodtastischen Projekt arbeite, verbringe ich gerne viel Zeit mit meinen Kindern. Egal ob im Schwimmbad oder im Wald Bewegung und leckeres, gesundes Essen machen einfach gl\u00fccklich.<\/p>\n<\/div>\n\n\n\n<div class=\"wp-block-column is-layout-flow wp-block-column-is-layout-flow\">\n<figure class=\"wp-block-image aligncenter size-large is-resized\"><img loading=\"lazy\" decoding=\"async\" width=\"2234\" height=\"1676\" src=\"https:\/\/funny-food.de\/wp-content\/uploads\/2024\/05\/20210501_111703_kleiner-edited.jpg\" alt=\"\" class=\"wp-image-162\" style=\"width:399px;height:auto\" srcset=\"https:\/\/funny-food.de\/wp-content\/uploads\/2024\/05\/20210501_111703_kleiner-edited.jpg 2234w, https:\/\/funny-food.de\/wp-content\/uploads\/2024\/05\/20210501_111703_kleiner-edited-300x225.jpg 300w, https:\/\/funny-food.de\/wp-content\/uploads\/2024\/05\/20210501_111703_kleiner-edited-1024x768.jpg 1024w, https:\/\/funny-food.de\/wp-content\/uploads\/2024\/05\/20210501_111703_kleiner-edited-768x576.jpg 768w, https:\/\/funny-food.de\/wp-content\/uploads\/2024\/05\/20210501_111703_kleiner-edited-1536x1152.jpg 1536w, https:\/\/funny-food.de\/wp-content\/uploads\/2024\/05\/20210501_111703_kleiner-edited-2048x1536.jpg 2048w\" sizes=\"auto, (max-width: 2234px) 100vw, 2234px\" \/><\/figure>\n<\/div>\n<\/div>\n\n\n\n<hr class=\"wp-block-separator has-alpha-channel-opacity is-style-wide\"\/>\n\n\n\n<div class=\"wp-block-columns is-layout-flex wp-container-core-columns-is-layout-28f84493 wp-block-columns-is-layout-flex\">\n<div class=\"wp-block-column is-layout-flow wp-block-column-is-layout-flow\">\n<figure class=\"wp-block-image aligncenter size-large is-resized\"><img loading=\"lazy\" decoding=\"async\" width=\"2560\" height=\"1920\" src=\"https:\/\/funny-food.de\/wp-content\/uploads\/2024\/05\/20240207_214412-edited-scaled.jpg\" alt=\"\" class=\"wp-image-160\" style=\"width:373px;height:auto\" srcset=\"https:\/\/funny-food.de\/wp-content\/uploads\/2024\/05\/20240207_214412-edited-scaled.jpg 2560w, https:\/\/funny-food.de\/wp-content\/uploads\/2024\/05\/20240207_214412-edited-300x225.jpg 300w, https:\/\/funny-food.de\/wp-content\/uploads\/2024\/05\/20240207_214412-edited-1024x768.jpg 1024w, https:\/\/funny-food.de\/wp-content\/uploads\/2024\/05\/20240207_214412-edited-768x576.jpg 768w, https:\/\/funny-food.de\/wp-content\/uploads\/2024\/05\/20240207_214412-edited-1536x1152.jpg 1536w, https:\/\/funny-food.de\/wp-content\/uploads\/2024\/05\/20240207_214412-edited-2048x1536.jpg 2048w\" sizes=\"auto, (max-width: 2560px) 100vw, 2560px\" \/><\/figure>\n<\/div>\n\n\n\n<div class=\"wp-block-column is-layout-flow wp-block-column-is-layout-flow\">\n<p>Als zweifache Mama liegt mir die gesunde Ern\u00e4hrung besonders von Kindern sehr am Herzen. Daher gebe ich auch Workshops und freue mich sehr \u00fcber Kita-und Schulprojekte.<\/p>\n<\/div>\n<\/div>\n\n\n\n<div class=\"wp-block-columns is-layout-flex wp-container-core-columns-is-layout-28f84493 wp-block-columns-is-layout-flex\">\n<div class=\"wp-block-column is-layout-flow wp-block-column-is-layout-flow\">\n<p><\/p>\n<\/div>\n\n\n\n<div class=\"wp-block-column is-layout-flow wp-block-column-is-layout-flow\"><\/div>\n<\/div>\n","protected":false},"excerpt":{"rendered":"<p>Sch\u00f6n, dass Du da bist! Ich bin Anke und der kreative Kopf hinter dieser Seite. Meine Leidenschaft ist die kreative<\/p>\n","protected":false},"author":1,"featured_media":0,"parent":0,"menu_order":0,"comment_status":"closed","ping_status":"closed","template":"","meta":{"colormag_page_container_layout":"default_layout","colormag_page_sidebar_layout":"default_layout","footnotes":""},"class_list":["post-72","page","type-page","status-publish","hentry"],"yoast_head":"<!-- This site is optimized with the Yoast SEO plugin v27.5 - https:\/\/yoast.com\/product\/yoast-seo-wordpress\/ -->\n<title>\u00dcber mich - funny-food<\/title>\n<meta name=\"robots\" content=\"index, follow, max-snippet:-1, max-image-preview:large, max-video-preview:-1\" \/>\n<link rel=\"canonical\" href=\"https:\/\/funny-food.de\/?page_id=72\" \/>\n<meta property=\"og:locale\" content=\"de_DE\" \/>\n<meta property=\"og:type\" content=\"article\" \/>\n<meta property=\"og:title\" content=\"\u00dcber mich - funny-food\" \/>\n<meta property=\"og:description\" content=\"Sch\u00f6n, dass Du da bist! Ich bin Anke und der kreative Kopf hinter dieser Seite. Meine Leidenschaft ist die kreative\" \/>\n<meta property=\"og:url\" content=\"https:\/\/funny-food.de\/?page_id=72\" \/>\n<meta property=\"og:site_name\" content=\"funny-food\" \/>\n<meta property=\"article:publisher\" content=\"https:\/\/www.facebook.com\/profile.php?id=100084257740319\" \/>\n<meta property=\"article:modified_time\" content=\"2025-03-22T13:45:04+00:00\" \/>\n<meta property=\"og:image\" content=\"https:\/\/funny-food.de\/wp-content\/uploads\/2024\/05\/funnyfood-0010-Kopie.-klein-jpg-edited.jpg\" \/>\n\t<meta property=\"og:image:width\" content=\"2531\" \/>\n\t<meta property=\"og:image:height\" content=\"1897\" \/>\n\t<meta property=\"og:image:type\" content=\"image\/jpeg\" \/>\n<meta name=\"twitter:card\" content=\"summary_large_image\" \/>\n<meta name=\"twitter:label1\" content=\"Gesch\u00e4tzte Lesezeit\" \/>\n\t<meta name=\"twitter:data1\" content=\"1\u00a0Minute\" \/>\n<script type=\"application\/ld+json\" class=\"yoast-schema-graph\">{\"@context\":\"https:\\\/\\\/schema.org\",\"@graph\":[{\"@type\":\"WebPage\",\"@id\":\"https:\\\/\\\/funny-food.de\\\/?page_id=72\",\"url\":\"https:\\\/\\\/funny-food.de\\\/?page_id=72\",\"name\":\"\u00dcber mich - funny-food\",\"isPartOf\":{\"@id\":\"https:\\\/\\\/funny-food.de\\\/#website\"},\"primaryImageOfPage\":{\"@id\":\"https:\\\/\\\/funny-food.de\\\/?page_id=72#primaryimage\"},\"image\":{\"@id\":\"https:\\\/\\\/funny-food.de\\\/?page_id=72#primaryimage\"},\"thumbnailUrl\":\"https:\\\/\\\/funny-food.de\\\/wp-content\\\/uploads\\\/2024\\\/05\\\/funnyfood-0010-Kopie.-klein-jpg-edited.jpg\",\"datePublished\":\"2024-03-13T20:03:44+00:00\",\"dateModified\":\"2025-03-22T13:45:04+00:00\",\"breadcrumb\":{\"@id\":\"https:\\\/\\\/funny-food.de\\\/?page_id=72#breadcrumb\"},\"inLanguage\":\"de\",\"potentialAction\":[{\"@type\":\"ReadAction\",\"target\":[\"https:\\\/\\\/funny-food.de\\\/?page_id=72\"]}]},{\"@type\":\"ImageObject\",\"inLanguage\":\"de\",\"@id\":\"https:\\\/\\\/funny-food.de\\\/?page_id=72#primaryimage\",\"url\":\"https:\\\/\\\/funny-food.de\\\/wp-content\\\/uploads\\\/2024\\\/05\\\/funnyfood-0010-Kopie.-klein-jpg-edited.jpg\",\"contentUrl\":\"https:\\\/\\\/funny-food.de\\\/wp-content\\\/uploads\\\/2024\\\/05\\\/funnyfood-0010-Kopie.-klein-jpg-edited.jpg\",\"width\":2531,\"height\":1897,\"caption\":\"Hannover, 17.11.2023 Osnabr\u00fcck , \\\"Mit Essen spielt man (nicht)\\\" , K\u00fcnstlerin Anke Bergmann (36) schnitzt aus Obst und Gem\u00fcse witzige Figuren und stellt sie auf Instagramm (https:\\\/\\\/www.instagram.com\\\/funnyfood.de\\\/) hier, bei der Arbeit an Lucy\"},{\"@type\":\"BreadcrumbList\",\"@id\":\"https:\\\/\\\/funny-food.de\\\/?page_id=72#breadcrumb\",\"itemListElement\":[{\"@type\":\"ListItem\",\"position\":1,\"name\":\"Startseite\",\"item\":\"https:\\\/\\\/funny-food.de\\\/\"},{\"@type\":\"ListItem\",\"position\":2,\"name\":\"\u00dcber mich\"}]},{\"@type\":\"WebSite\",\"@id\":\"https:\\\/\\\/funny-food.de\\\/#website\",\"url\":\"https:\\\/\\\/funny-food.de\\\/\",\"name\":\"Funny Food\",\"description\":\"Kreatives aus Obst und Gem\u00fcse\",\"publisher\":{\"@id\":\"https:\\\/\\\/funny-food.de\\\/#organization\"},\"potentialAction\":[{\"@type\":\"SearchAction\",\"target\":{\"@type\":\"EntryPoint\",\"urlTemplate\":\"https:\\\/\\\/funny-food.de\\\/?s={search_term_string}\"},\"query-input\":{\"@type\":\"PropertyValueSpecification\",\"valueRequired\":true,\"valueName\":\"search_term_string\"}}],\"inLanguage\":\"de\"},{\"@type\":\"Organization\",\"@id\":\"https:\\\/\\\/funny-food.de\\\/#organization\",\"name\":\"Funny-food.de\",\"url\":\"https:\\\/\\\/funny-food.de\\\/\",\"logo\":{\"@type\":\"ImageObject\",\"inLanguage\":\"de\",\"@id\":\"https:\\\/\\\/funny-food.de\\\/#\\\/schema\\\/logo\\\/image\\\/\",\"url\":\"https:\\\/\\\/funny-food.de\\\/wp-content\\\/uploads\\\/2024\\\/02\\\/HORIZONTAL_FUNNYFOOD-1.png\",\"contentUrl\":\"https:\\\/\\\/funny-food.de\\\/wp-content\\\/uploads\\\/2024\\\/02\\\/HORIZONTAL_FUNNYFOOD-1.png\",\"width\":1008,\"height\":399,\"caption\":\"Funny-food.de\"},\"image\":{\"@id\":\"https:\\\/\\\/funny-food.de\\\/#\\\/schema\\\/logo\\\/image\\\/\"},\"sameAs\":[\"https:\\\/\\\/www.facebook.com\\\/profile.php?id=100084257740319\",\"https:\\\/\\\/www.instagram.com\\\/funnyfood.de\\\/\"]}]}<\/script>\n<!-- \/ Yoast SEO plugin. -->","yoast_head_json":{"title":"\u00dcber mich - funny-food","robots":{"index":"index","follow":"follow","max-snippet":"max-snippet:-1","max-image-preview":"max-image-preview:large","max-video-preview":"max-video-preview:-1"},"canonical":"https:\/\/funny-food.de\/?page_id=72","og_locale":"de_DE","og_type":"article","og_title":"\u00dcber mich - funny-food","og_description":"Sch\u00f6n, dass Du da bist! Ich bin Anke und der kreative Kopf hinter dieser Seite. Meine Leidenschaft ist die kreative","og_url":"https:\/\/funny-food.de\/?page_id=72","og_site_name":"funny-food","article_publisher":"https:\/\/www.facebook.com\/profile.php?id=100084257740319","article_modified_time":"2025-03-22T13:45:04+00:00","og_image":[{"width":2531,"height":1897,"url":"https:\/\/funny-food.de\/wp-content\/uploads\/2024\/05\/funnyfood-0010-Kopie.-klein-jpg-edited.jpg","type":"image\/jpeg"}],"twitter_card":"summary_large_image","twitter_misc":{"Gesch\u00e4tzte Lesezeit":"1\u00a0Minute"},"schema":{"@context":"https:\/\/schema.org","@graph":[{"@type":"WebPage","@id":"https:\/\/funny-food.de\/?page_id=72","url":"https:\/\/funny-food.de\/?page_id=72","name":"\u00dcber mich - funny-food","isPartOf":{"@id":"https:\/\/funny-food.de\/#website"},"primaryImageOfPage":{"@id":"https:\/\/funny-food.de\/?page_id=72#primaryimage"},"image":{"@id":"https:\/\/funny-food.de\/?page_id=72#primaryimage"},"thumbnailUrl":"https:\/\/funny-food.de\/wp-content\/uploads\/2024\/05\/funnyfood-0010-Kopie.-klein-jpg-edited.jpg","datePublished":"2024-03-13T20:03:44+00:00","dateModified":"2025-03-22T13:45:04+00:00","breadcrumb":{"@id":"https:\/\/funny-food.de\/?page_id=72#breadcrumb"},"inLanguage":"de","potentialAction":[{"@type":"ReadAction","target":["https:\/\/funny-food.de\/?page_id=72"]}]},{"@type":"ImageObject","inLanguage":"de","@id":"https:\/\/funny-food.de\/?page_id=72#primaryimage","url":"https:\/\/funny-food.de\/wp-content\/uploads\/2024\/05\/funnyfood-0010-Kopie.-klein-jpg-edited.jpg","contentUrl":"https:\/\/funny-food.de\/wp-content\/uploads\/2024\/05\/funnyfood-0010-Kopie.-klein-jpg-edited.jpg","width":2531,"height":1897,"caption":"Hannover, 17.11.2023 Osnabr\u00fcck , \"Mit Essen spielt man (nicht)\" , K\u00fcnstlerin Anke Bergmann (36) schnitzt aus Obst und Gem\u00fcse witzige Figuren und stellt sie auf Instagramm (https:\/\/www.instagram.com\/funnyfood.de\/) hier, bei der Arbeit an Lucy"},{"@type":"BreadcrumbList","@id":"https:\/\/funny-food.de\/?page_id=72#breadcrumb","itemListElement":[{"@type":"ListItem","position":1,"name":"Startseite","item":"https:\/\/funny-food.de\/"},{"@type":"ListItem","position":2,"name":"\u00dcber mich"}]},{"@type":"WebSite","@id":"https:\/\/funny-food.de\/#website","url":"https:\/\/funny-food.de\/","name":"Funny Food","description":"Kreatives aus Obst und Gem\u00fcse","publisher":{"@id":"https:\/\/funny-food.de\/#organization"},"potentialAction":[{"@type":"SearchAction","target":{"@type":"EntryPoint","urlTemplate":"https:\/\/funny-food.de\/?s={search_term_string}"},"query-input":{"@type":"PropertyValueSpecification","valueRequired":true,"valueName":"search_term_string"}}],"inLanguage":"de"},{"@type":"Organization","@id":"https:\/\/funny-food.de\/#organization","name":"Funny-food.de","url":"https:\/\/funny-food.de\/","logo":{"@type":"ImageObject","inLanguage":"de","@id":"https:\/\/funny-food.de\/#\/schema\/logo\/image\/","url":"https:\/\/funny-food.de\/wp-content\/uploads\/2024\/02\/HORIZONTAL_FUNNYFOOD-1.png","contentUrl":"https:\/\/funny-food.de\/wp-content\/uploads\/2024\/02\/HORIZONTAL_FUNNYFOOD-1.png","width":1008,"height":399,"caption":"Funny-food.de"},"image":{"@id":"https:\/\/funny-food.de\/#\/schema\/logo\/image\/"},"sameAs":["https:\/\/www.facebook.com\/profile.php?id=100084257740319","https:\/\/www.instagram.com\/funnyfood.de\/"]}]}},"_links":{"self":[{"href":"https:\/\/funny-food.de\/index.php?rest_route=\/wp\/v2\/pages\/72","targetHints":{"allow":["GET"]}}],"collection":[{"href":"https:\/\/funny-food.de\/index.php?rest_route=\/wp\/v2\/pages"}],"about":[{"href":"https:\/\/funny-food.de\/index.php?rest_route=\/wp\/v2\/types\/page"}],"author":[{"embeddable":true,"href":"https:\/\/funny-food.de\/index.php?rest_route=\/wp\/v2\/users\/1"}],"replies":[{"embeddable":true,"href":"https:\/\/funny-food.de\/index.php?rest_route=%2Fwp%2Fv2%2Fcomments&post=72"}],"version-history":[{"count":19,"href":"https:\/\/funny-food.de\/index.php?rest_route=\/wp\/v2\/pages\/72\/revisions"}],"predecessor-version":[{"id":343,"href":"https:\/\/funny-food.de\/index.php?rest_route=\/wp\/v2\/pages\/72\/revisions\/343"}],"wp:attachment":[{"href":"https:\/\/funny-food.de\/index.php?rest_route=%2Fwp%2Fv2%2Fmedia&parent=72"}],"curies":[{"name":"wp","href":"https:\/\/api.w.org\/{rel}","templated":true}]}}