{"id":438,"date":"2025-04-10T13:28:18","date_gmt":"2025-04-10T13:28:18","guid":{"rendered":"https:\/\/funny-food.de\/?page_id=438"},"modified":"2026-05-03T12:52:25","modified_gmt":"2026-05-03T12:52:25","slug":"kindergeburtstag","status":"publish","type":"page","link":"https:\/\/funny-food.de\/?page_id=438","title":{"rendered":"Kindergeburtstag"},"content":{"rendered":"\n<p><\/p>\n\n\n\n<hr class=\"wp-block-separator has-alpha-channel-opacity is-style-wide\"\/>\n\n\n\n<div class=\"wp-block-media-text is-stacked-on-mobile\" style=\"grid-template-columns:20% auto\"><figure class=\"wp-block-media-text__media\"><img loading=\"lazy\" decoding=\"async\" width=\"1024\" height=\"1024\" src=\"https:\/\/funny-food.de\/wp-content\/uploads\/2025\/04\/IMG-20250330-WA0022-1-1024x1024.jpg\" alt=\"\" class=\"wp-image-363 size-full\" srcset=\"https:\/\/funny-food.de\/wp-content\/uploads\/2025\/04\/IMG-20250330-WA0022-1-1024x1024.jpg 1024w, https:\/\/funny-food.de\/wp-content\/uploads\/2025\/04\/IMG-20250330-WA0022-1-300x300.jpg 300w, https:\/\/funny-food.de\/wp-content\/uploads\/2025\/04\/IMG-20250330-WA0022-1-150x150.jpg 150w, https:\/\/funny-food.de\/wp-content\/uploads\/2025\/04\/IMG-20250330-WA0022-1-768x768.jpg 768w, https:\/\/funny-food.de\/wp-content\/uploads\/2025\/04\/IMG-20250330-WA0022-1-1536x1536.jpg 1536w, https:\/\/funny-food.de\/wp-content\/uploads\/2025\/04\/IMG-20250330-WA0022-1.jpg 1600w\" sizes=\"auto, (max-width: 1024px) 100vw, 1024px\" \/><\/figure><div class=\"wp-block-media-text__content\">\n<p>Du suchst eine besondere Idee f\u00fcr den n\u00e4chsten Kindergeburtstag? Dann ist ein funnyfood Kindergeburtstag genau das Richtige!<\/p>\n\n\n\n<p>Gemeinsam gestalten wir fantasievolle kunterbunte Kunstwerke aus Obst und Gem\u00fcse.&nbsp;<\/p>\n\n\n\n<p>Wir schnippeln, schnitzen, und gestalten und haben jede Menge Spa\u00df w\u00e4hrend H\u00e4user, Tiere, Figuren, Blumen und vieles mehr entstehen.<\/p>\n\n\n\n<p>Mit kindgerechtem Schnitzwerkzeug, Messern und Ausstechformen entstehen kleine Kunstwerke, die nicht nur toll aussehen, sondern auch gesund sind.&nbsp;<\/p>\n<\/div><\/div>\n\n\n\n<hr class=\"wp-block-separator has-alpha-channel-opacity is-style-wide\"\/>\n\n\n\n<p><strong>H\u00e4ufig gestellte Fragen (FAQ)<\/strong><\/p>\n\n\n\n<p><\/p>\n\n\n\n<ul class=\"wp-block-list\">\n<li><strong>Wo kann mein funnyfood Kindergeburtstag stattfinden?<\/strong><\/li>\n<\/ul>\n\n\n\n<p>Entweder bei mir in meinem Obst- und Gem\u00fcseatelier in der Augustenburger Stra\u00dfe 107 in Osnabr\u00fcck oder bei dir Zuhause.<\/p>\n\n\n\n<ul class=\"wp-block-list\">\n<li><strong>Ab welchem Alter k\u00f6nnen Kinder teilnehmen?<\/strong><\/li>\n<\/ul>\n\n\n\n<p>Der funnyfood Kindergeburtstag ist ab 7 Jahren geeignet.<\/p>\n\n\n\n<ul class=\"wp-block-list\">\n<li><strong>Wie lange dauert der Kindergeburtstag?<\/strong><\/li>\n<\/ul>\n\n\n\n<p>Zwischen 1,5 und 2,5 Stunden, je nachdem wie lange du buchst<\/p>\n\n\n\n<p><\/p>\n\n\n\n<ul class=\"wp-block-list\">\n<li><strong>Wie viele Kinder k\u00f6nnen teilnehmen?<\/strong><\/li>\n<\/ul>\n\n\n\n<p>7.-9. Geburtstag: maximal 10 Kinder<\/p>\n\n\n\n<p>Ab dem 10. Geburtstag: maximal 12 Kinder<\/p>\n\n\n\n<p><\/p>\n\n\n\n<ul class=\"wp-block-list\">\n<li><strong>Wieviel kostet der Kindergeburtstag?<\/strong><\/li>\n<\/ul>\n\n\n\n<p>Die genauen Kosten richten sich nach Dauer und Teilnehmerzahl.&nbsp;<\/p>\n\n\n\n<p>Ich nehme 65\u20ac\/h und 3,50\u20ac Lebensmittelkosten pro Kind. Bei Kindergeburtstagen mit Ananas und Melone k\u00f6nnen die Lebensmittelkosten auch insgesamt 5\u20ac h\u00f6her ausfallen.<\/p>\n\n\n\n<p><\/p>\n\n\n\n<ul class=\"wp-block-list\">\n<li><strong>Gibt es eine Anfahrtspauschale?<\/strong><\/li>\n<\/ul>\n\n\n\n<p>Bei Kindergeburtstagen au\u00dferhalb der Stadt Osnabr\u00fcck berechne ich eine Anfahrtspauschale je nach Entfernung.<\/p>\n\n\n\n<p><\/p>\n\n\n\n<ul class=\"wp-block-list\">\n<li><strong>Wie fr\u00fch muss ich buchen?<\/strong><\/li>\n<\/ul>\n\n\n\n<p>So fr\u00fch wie m\u00f6glich, um deinen Wunschtermin zu bekommen.&nbsp;&nbsp;Sp\u00e4testens 4 Wochen im Voraus.<\/p>\n\n\n\n<p><\/p>\n\n\n\n<ul class=\"wp-block-list\">\n<li><strong>Was wird ben\u00f6tigt?<\/strong><\/li>\n<\/ul>\n\n\n\n<p>Alles, was wir zum Schnitzen und Gestalten ben\u00f6tigen, bringe ich mit.&nbsp;<\/p>\n\n\n\n<p>Du brauchst lediglich einen gro\u00dfen, freien Tisch bereitstellen, an dem alle Kinder Platz haben.&nbsp;<\/p>\n","protected":false},"excerpt":{"rendered":"<p>Du suchst eine besondere Idee f\u00fcr den n\u00e4chsten Kindergeburtstag? Dann ist ein funnyfood Kindergeburtstag genau das Richtige! Gemeinsam gestalten wir<\/p>\n","protected":false},"author":3,"featured_media":0,"parent":0,"menu_order":0,"comment_status":"closed","ping_status":"closed","template":"","meta":{"colormag_page_container_layout":"default_layout","colormag_page_sidebar_layout":"default_layout","footnotes":""},"class_list":["post-438","page","type-page","status-publish","hentry"],"yoast_head":"<!-- This site is optimized with the Yoast SEO plugin v27.6 - https:\/\/yoast.com\/product\/yoast-seo-wordpress\/ -->\n<title>Kindergeburtstag - funny-food<\/title>\n<meta name=\"robots\" content=\"index, follow, max-snippet:-1, max-image-preview:large, max-video-preview:-1\" \/>\n<link rel=\"canonical\" href=\"https:\/\/funny-food.de\/?page_id=438\" \/>\n<meta property=\"og:locale\" content=\"de_DE\" \/>\n<meta property=\"og:type\" content=\"article\" \/>\n<meta property=\"og:title\" content=\"Kindergeburtstag - funny-food\" \/>\n<meta property=\"og:description\" content=\"Du suchst eine besondere Idee f\u00fcr den n\u00e4chsten Kindergeburtstag? Dann ist ein funnyfood Kindergeburtstag genau das Richtige! Gemeinsam gestalten wir\" \/>\n<meta property=\"og:url\" content=\"https:\/\/funny-food.de\/?page_id=438\" \/>\n<meta property=\"og:site_name\" content=\"funny-food\" \/>\n<meta property=\"article:publisher\" content=\"https:\/\/www.facebook.com\/profile.php?id=100084257740319\" \/>\n<meta property=\"article:modified_time\" content=\"2026-05-03T12:52:25+00:00\" \/>\n<meta property=\"og:image\" content=\"https:\/\/funny-food.de\/wp-content\/uploads\/2025\/04\/IMG-20250330-WA0022-1.jpg\" \/>\n\t<meta property=\"og:image:width\" content=\"1600\" \/>\n\t<meta property=\"og:image:height\" content=\"1600\" \/>\n\t<meta property=\"og:image:type\" content=\"image\/jpeg\" \/>\n<meta name=\"twitter:card\" content=\"summary_large_image\" \/>\n<meta name=\"twitter:label1\" content=\"Gesch\u00e4tzte Lesezeit\" \/>\n\t<meta name=\"twitter:data1\" content=\"2\u00a0Minuten\" \/>\n<script type=\"application\/ld+json\" class=\"yoast-schema-graph\">{\"@context\":\"https:\\\/\\\/schema.org\",\"@graph\":[{\"@type\":\"WebPage\",\"@id\":\"https:\\\/\\\/funny-food.de\\\/?page_id=438\",\"url\":\"https:\\\/\\\/funny-food.de\\\/?page_id=438\",\"name\":\"Kindergeburtstag - funny-food\",\"isPartOf\":{\"@id\":\"https:\\\/\\\/funny-food.de\\\/#website\"},\"primaryImageOfPage\":{\"@id\":\"https:\\\/\\\/funny-food.de\\\/?page_id=438#primaryimage\"},\"image\":{\"@id\":\"https:\\\/\\\/funny-food.de\\\/?page_id=438#primaryimage\"},\"thumbnailUrl\":\"https:\\\/\\\/funny-food.de\\\/wp-content\\\/uploads\\\/2025\\\/04\\\/IMG-20250330-WA0022-1-1024x1024.jpg\",\"datePublished\":\"2025-04-10T13:28:18+00:00\",\"dateModified\":\"2026-05-03T12:52:25+00:00\",\"breadcrumb\":{\"@id\":\"https:\\\/\\\/funny-food.de\\\/?page_id=438#breadcrumb\"},\"inLanguage\":\"de\",\"potentialAction\":[{\"@type\":\"ReadAction\",\"target\":[\"https:\\\/\\\/funny-food.de\\\/?page_id=438\"]}]},{\"@type\":\"ImageObject\",\"inLanguage\":\"de\",\"@id\":\"https:\\\/\\\/funny-food.de\\\/?page_id=438#primaryimage\",\"url\":\"https:\\\/\\\/funny-food.de\\\/wp-content\\\/uploads\\\/2025\\\/04\\\/IMG-20250330-WA0022-1.jpg\",\"contentUrl\":\"https:\\\/\\\/funny-food.de\\\/wp-content\\\/uploads\\\/2025\\\/04\\\/IMG-20250330-WA0022-1.jpg\",\"width\":1600,\"height\":1600},{\"@type\":\"BreadcrumbList\",\"@id\":\"https:\\\/\\\/funny-food.de\\\/?page_id=438#breadcrumb\",\"itemListElement\":[{\"@type\":\"ListItem\",\"position\":1,\"name\":\"Startseite\",\"item\":\"https:\\\/\\\/funny-food.de\\\/\"},{\"@type\":\"ListItem\",\"position\":2,\"name\":\"Kindergeburtstag\"}]},{\"@type\":\"WebSite\",\"@id\":\"https:\\\/\\\/funny-food.de\\\/#website\",\"url\":\"https:\\\/\\\/funny-food.de\\\/\",\"name\":\"Funny Food\",\"description\":\"Kreatives aus Obst und Gem\u00fcse\",\"publisher\":{\"@id\":\"https:\\\/\\\/funny-food.de\\\/#organization\"},\"potentialAction\":[{\"@type\":\"SearchAction\",\"target\":{\"@type\":\"EntryPoint\",\"urlTemplate\":\"https:\\\/\\\/funny-food.de\\\/?s={search_term_string}\"},\"query-input\":{\"@type\":\"PropertyValueSpecification\",\"valueRequired\":true,\"valueName\":\"search_term_string\"}}],\"inLanguage\":\"de\"},{\"@type\":\"Organization\",\"@id\":\"https:\\\/\\\/funny-food.de\\\/#organization\",\"name\":\"Funny-food.de\",\"url\":\"https:\\\/\\\/funny-food.de\\\/\",\"logo\":{\"@type\":\"ImageObject\",\"inLanguage\":\"de\",\"@id\":\"https:\\\/\\\/funny-food.de\\\/#\\\/schema\\\/logo\\\/image\\\/\",\"url\":\"https:\\\/\\\/funny-food.de\\\/wp-content\\\/uploads\\\/2024\\\/02\\\/HORIZONTAL_FUNNYFOOD-1.png\",\"contentUrl\":\"https:\\\/\\\/funny-food.de\\\/wp-content\\\/uploads\\\/2024\\\/02\\\/HORIZONTAL_FUNNYFOOD-1.png\",\"width\":1008,\"height\":399,\"caption\":\"Funny-food.de\"},\"image\":{\"@id\":\"https:\\\/\\\/funny-food.de\\\/#\\\/schema\\\/logo\\\/image\\\/\"},\"sameAs\":[\"https:\\\/\\\/www.facebook.com\\\/profile.php?id=100084257740319\",\"https:\\\/\\\/www.instagram.com\\\/funnyfood.de\\\/\"]}]}<\/script>\n<!-- \/ Yoast SEO plugin. -->","yoast_head_json":{"title":"Kindergeburtstag - funny-food","robots":{"index":"index","follow":"follow","max-snippet":"max-snippet:-1","max-image-preview":"max-image-preview:large","max-video-preview":"max-video-preview:-1"},"canonical":"https:\/\/funny-food.de\/?page_id=438","og_locale":"de_DE","og_type":"article","og_title":"Kindergeburtstag - funny-food","og_description":"Du suchst eine besondere Idee f\u00fcr den n\u00e4chsten Kindergeburtstag? Dann ist ein funnyfood Kindergeburtstag genau das Richtige! Gemeinsam gestalten wir","og_url":"https:\/\/funny-food.de\/?page_id=438","og_site_name":"funny-food","article_publisher":"https:\/\/www.facebook.com\/profile.php?id=100084257740319","article_modified_time":"2026-05-03T12:52:25+00:00","og_image":[{"width":1600,"height":1600,"url":"https:\/\/funny-food.de\/wp-content\/uploads\/2025\/04\/IMG-20250330-WA0022-1.jpg","type":"image\/jpeg"}],"twitter_card":"summary_large_image","twitter_misc":{"Gesch\u00e4tzte Lesezeit":"2\u00a0Minuten"},"schema":{"@context":"https:\/\/schema.org","@graph":[{"@type":"WebPage","@id":"https:\/\/funny-food.de\/?page_id=438","url":"https:\/\/funny-food.de\/?page_id=438","name":"Kindergeburtstag - funny-food","isPartOf":{"@id":"https:\/\/funny-food.de\/#website"},"primaryImageOfPage":{"@id":"https:\/\/funny-food.de\/?page_id=438#primaryimage"},"image":{"@id":"https:\/\/funny-food.de\/?page_id=438#primaryimage"},"thumbnailUrl":"https:\/\/funny-food.de\/wp-content\/uploads\/2025\/04\/IMG-20250330-WA0022-1-1024x1024.jpg","datePublished":"2025-04-10T13:28:18+00:00","dateModified":"2026-05-03T12:52:25+00:00","breadcrumb":{"@id":"https:\/\/funny-food.de\/?page_id=438#breadcrumb"},"inLanguage":"de","potentialAction":[{"@type":"ReadAction","target":["https:\/\/funny-food.de\/?page_id=438"]}]},{"@type":"ImageObject","inLanguage":"de","@id":"https:\/\/funny-food.de\/?page_id=438#primaryimage","url":"https:\/\/funny-food.de\/wp-content\/uploads\/2025\/04\/IMG-20250330-WA0022-1.jpg","contentUrl":"https:\/\/funny-food.de\/wp-content\/uploads\/2025\/04\/IMG-20250330-WA0022-1.jpg","width":1600,"height":1600},{"@type":"BreadcrumbList","@id":"https:\/\/funny-food.de\/?page_id=438#breadcrumb","itemListElement":[{"@type":"ListItem","position":1,"name":"Startseite","item":"https:\/\/funny-food.de\/"},{"@type":"ListItem","position":2,"name":"Kindergeburtstag"}]},{"@type":"WebSite","@id":"https:\/\/funny-food.de\/#website","url":"https:\/\/funny-food.de\/","name":"Funny Food","description":"Kreatives aus Obst und Gem\u00fcse","publisher":{"@id":"https:\/\/funny-food.de\/#organization"},"potentialAction":[{"@type":"SearchAction","target":{"@type":"EntryPoint","urlTemplate":"https:\/\/funny-food.de\/?s={search_term_string}"},"query-input":{"@type":"PropertyValueSpecification","valueRequired":true,"valueName":"search_term_string"}}],"inLanguage":"de"},{"@type":"Organization","@id":"https:\/\/funny-food.de\/#organization","name":"Funny-food.de","url":"https:\/\/funny-food.de\/","logo":{"@type":"ImageObject","inLanguage":"de","@id":"https:\/\/funny-food.de\/#\/schema\/logo\/image\/","url":"https:\/\/funny-food.de\/wp-content\/uploads\/2024\/02\/HORIZONTAL_FUNNYFOOD-1.png","contentUrl":"https:\/\/funny-food.de\/wp-content\/uploads\/2024\/02\/HORIZONTAL_FUNNYFOOD-1.png","width":1008,"height":399,"caption":"Funny-food.de"},"image":{"@id":"https:\/\/funny-food.de\/#\/schema\/logo\/image\/"},"sameAs":["https:\/\/www.facebook.com\/profile.php?id=100084257740319","https:\/\/www.instagram.com\/funnyfood.de\/"]}]}},"_links":{"self":[{"href":"https:\/\/funny-food.de\/index.php?rest_route=\/wp\/v2\/pages\/438","targetHints":{"allow":["GET"]}}],"collection":[{"href":"https:\/\/funny-food.de\/index.php?rest_route=\/wp\/v2\/pages"}],"about":[{"href":"https:\/\/funny-food.de\/index.php?rest_route=\/wp\/v2\/types\/page"}],"author":[{"embeddable":true,"href":"https:\/\/funny-food.de\/index.php?rest_route=\/wp\/v2\/users\/3"}],"replies":[{"embeddable":true,"href":"https:\/\/funny-food.de\/index.php?rest_route=%2Fwp%2Fv2%2Fcomments&post=438"}],"version-history":[{"count":17,"href":"https:\/\/funny-food.de\/index.php?rest_route=\/wp\/v2\/pages\/438\/revisions"}],"predecessor-version":[{"id":561,"href":"https:\/\/funny-food.de\/index.php?rest_route=\/wp\/v2\/pages\/438\/revisions\/561"}],"wp:attachment":[{"href":"https:\/\/funny-food.de\/index.php?rest_route=%2Fwp%2Fv2%2Fmedia&parent=438"}],"curies":[{"name":"wp","href":"https:\/\/api.w.org\/{rel}","templated":true}]}}