{"id":169,"date":"2024-05-18T15:39:35","date_gmt":"2024-05-18T15:39:35","guid":{"rendered":"https:\/\/funny-food.de\/?page_id=169"},"modified":"2025-06-16T12:02:44","modified_gmt":"2025-06-16T12:02:44","slug":"kurse","status":"publish","type":"page","link":"https:\/\/funny-food.de\/?page_id=169","title":{"rendered":"Workshops"},"content":{"rendered":"\n<p>Aktuelle Workshops findest du unter &#8222;Aktuelles&#8220;.<\/p>\n\n\n\n<p>F\u00fcr Workshops in deiner Kita, Schule, Unternehmen, Zuhause,.. kontaktiere mich einfach \u00fcber das Kontaktformular am Ende dieser Seite <\/p>\n\n\n\n<p>oder per Mail an : <\/p>\n\n\n\n<p>mail@funny-food.de<\/p>\n\n\n\n<p><\/p>\n\n\n\n<p><\/p>\n\n\n\n<hr class=\"wp-block-separator has-alpha-channel-opacity is-style-wide\"\/>\n\n\n\n<p><\/p>\n\n\n\n<p><\/p>\n\n\n\n<div class=\"wp-block-columns is-layout-flex wp-container-core-columns-is-layout-28f84493 wp-block-columns-is-layout-flex\">\n<div class=\"wp-block-column is-layout-flow wp-block-column-is-layout-flow\">\n<p><strong>Workshop 1: Ausflug in den Zoo<\/strong><\/p>\n\n\n\n<p>F\u00fcr Kinder im Alter von 6-10 Jahren<\/p>\n\n\n\n<p>Ca. 1-1,5 h<\/p>\n\n\n\n<p>Heute geht es mit dem Gem\u00fcse-Express in den Zoo.<\/p>\n\n\n\n<p>Gemeinsam bauen wir einen funnyfoodtastischen Zug und beladen ihn mit kunterbuntem Obst- und Gem\u00fcse.<\/p>\n\n\n\n<p>Die Tiere d\u00fcrfen nat\u00fcrlich auch nicht fehlen.<\/p>\n\n\n\n<p>Lass dich \u00fcberraschen \ud83d\ude09<\/p>\n<\/div>\n\n\n\n<div class=\"wp-block-column is-layout-flow wp-block-column-is-layout-flow\">\n<figure class=\"wp-block-image size-large\"><img loading=\"lazy\" decoding=\"async\" width=\"1024\" height=\"576\" src=\"https:\/\/funny-food.de\/wp-content\/uploads\/2024\/05\/Ausflug-in-den-Zoo-1024x576.png\" alt=\"\" class=\"wp-image-214\" srcset=\"https:\/\/funny-food.de\/wp-content\/uploads\/2024\/05\/Ausflug-in-den-Zoo-1024x576.png 1024w, https:\/\/funny-food.de\/wp-content\/uploads\/2024\/05\/Ausflug-in-den-Zoo-300x169.png 300w, https:\/\/funny-food.de\/wp-content\/uploads\/2024\/05\/Ausflug-in-den-Zoo-768x432.png 768w, https:\/\/funny-food.de\/wp-content\/uploads\/2024\/05\/Ausflug-in-den-Zoo-1536x864.png 1536w, https:\/\/funny-food.de\/wp-content\/uploads\/2024\/05\/Ausflug-in-den-Zoo-2048x1151.png 2048w\" sizes=\"auto, (max-width: 1024px) 100vw, 1024px\" \/><\/figure>\n<\/div>\n<\/div>\n\n\n\n<p><\/p>\n\n\n\n<hr class=\"wp-block-separator has-alpha-channel-opacity is-style-wide\"\/>\n\n\n\n<div class=\"wp-block-columns is-layout-flex wp-container-core-columns-is-layout-28f84493 wp-block-columns-is-layout-flex\">\n<div class=\"wp-block-column is-layout-flow wp-block-column-is-layout-flow\">\n<figure class=\"wp-block-gallery has-nested-images columns-default is-cropped wp-block-gallery-1 is-layout-flex wp-block-gallery-is-layout-flex\">\n<figure class=\"wp-block-image size-large\"><img loading=\"lazy\" decoding=\"async\" width=\"768\" height=\"1024\" data-id=\"464\" src=\"https:\/\/funny-food.de\/wp-content\/uploads\/2025\/06\/Ein-Haus-fu\u0308r-die-Maus-1-768x1024.jpg\" alt=\"\" class=\"wp-image-464\" srcset=\"https:\/\/funny-food.de\/wp-content\/uploads\/2025\/06\/Ein-Haus-fu\u0308r-die-Maus-1-768x1024.jpg 768w, https:\/\/funny-food.de\/wp-content\/uploads\/2025\/06\/Ein-Haus-fu\u0308r-die-Maus-1-225x300.jpg 225w, https:\/\/funny-food.de\/wp-content\/uploads\/2025\/06\/Ein-Haus-fu\u0308r-die-Maus-1-1152x1536.jpg 1152w, https:\/\/funny-food.de\/wp-content\/uploads\/2025\/06\/Ein-Haus-fu\u0308r-die-Maus-1-1536x2048.jpg 1536w, https:\/\/funny-food.de\/wp-content\/uploads\/2025\/06\/Ein-Haus-fu\u0308r-die-Maus-1-scaled.jpg 1920w\" sizes=\"auto, (max-width: 768px) 100vw, 768px\" \/><\/figure>\n<\/figure>\n<\/div>\n\n\n\n<div class=\"wp-block-column is-layout-flow wp-block-column-is-layout-flow\">\n<p><strong>Workshop 2: Ein Haus f\u00fcr die Maus<\/strong><\/p>\n\n\n\n<p>F\u00fcr Kinder von 7-12 Jahren<\/p>\n\n\n\n<p>Ca. 1,5-2 h<\/p>\n\n\n\n<p>Die kleine Maus ist neu nach Foodesia gezogen und m\u00f6chte sich ein Haus bauen.<\/p>\n\n\n\n<p>Kannst du ihr helfen?<\/p>\n\n\n\n<p>Gemeinsam schnitzen wir die Maus, bauen ihr ein Haus aus Birne und Apfel und gestalten drumherum einen Garten.<\/p>\n\n\n\n<p>Und vielleicht f\u00e4llt dir, w\u00e4hrend wir schnitzen, noch ein toller Name f\u00fcr die kleine Maus ein.<\/p>\n\n\n\n<p><\/p>\n\n\n\n<p><\/p>\n\n\n\n<p><\/p>\n<\/div>\n<\/div>\n\n\n\n<hr class=\"wp-block-separator has-alpha-channel-opacity is-style-wide\"\/>\n\n\n\n<div class=\"wp-block-columns is-layout-flex wp-container-core-columns-is-layout-28f84493 wp-block-columns-is-layout-flex\">\n<div class=\"wp-block-column is-layout-flow wp-block-column-is-layout-flow\">\n<p><strong>Dein funny food Kindergeburtstag<\/strong><\/p>\n\n\n\n<p>Na, wer hat Lust auf eine fruchtige Geburtstagsparty? Hingucker aus Obst- und Gem\u00fcse sind eine tolle Idee, um den Kindergeburtstag bunt und vor allem \u00fcberwiegend gesund zu gestalten.<\/p>\n\n\n\n<p>Egal ob Melonenhai, Frucht-Lollipops oder Bananenhunde, ich zaubere dir vor Ort eine fruchtige \u00dcberraschung f\u00fcr das Geburtstagskind.<\/p>\n\n\n\n<p>Du m\u00f6chtest eine Mitmachaktion f\u00fcr die Geburtstagsg\u00e4ste? <\/p>\n\n\n\n<p>Ich gestalte eine Aktion nach deinen W\u00fcnschen oder du w\u00e4hlst einen Workshop aus.<\/p>\n\n\n\n<p>Gerne kombinieren wir auch Fr\u00fcchte mit Schokolade.<\/p>\n<\/div>\n\n\n\n<div class=\"wp-block-column is-layout-flow wp-block-column-is-layout-flow\">\n<figure class=\"wp-block-image size-large is-resized\"><img loading=\"lazy\" decoding=\"async\" width=\"1024\" height=\"1024\" src=\"https:\/\/funny-food.de\/wp-content\/uploads\/2024\/05\/funny-food-Kindergeburtstag-1024x1024.png\" alt=\"\" class=\"wp-image-217\" style=\"width:406px;height:auto\" srcset=\"https:\/\/funny-food.de\/wp-content\/uploads\/2024\/05\/funny-food-Kindergeburtstag-1024x1024.png 1024w, https:\/\/funny-food.de\/wp-content\/uploads\/2024\/05\/funny-food-Kindergeburtstag-300x300.png 300w, https:\/\/funny-food.de\/wp-content\/uploads\/2024\/05\/funny-food-Kindergeburtstag-150x150.png 150w, https:\/\/funny-food.de\/wp-content\/uploads\/2024\/05\/funny-food-Kindergeburtstag-768x768.png 768w, https:\/\/funny-food.de\/wp-content\/uploads\/2024\/05\/funny-food-Kindergeburtstag-1536x1536.png 1536w\" sizes=\"auto, (max-width: 1024px) 100vw, 1024px\" \/><\/figure>\n<\/div>\n<\/div>\n\n\n\n<p><\/p>\n\n\n\n<hr class=\"wp-block-separator has-alpha-channel-opacity is-style-wide\"\/>\n\n\n\n<div class=\"wp-block-columns is-layout-flex wp-container-core-columns-is-layout-28f84493 wp-block-columns-is-layout-flex\">\n<div class=\"wp-block-column is-layout-flow wp-block-column-is-layout-flow\">\n<figure class=\"wp-block-image size-large is-resized\"><img loading=\"lazy\" decoding=\"async\" width=\"1024\" height=\"1024\" src=\"https:\/\/funny-food.de\/wp-content\/uploads\/2025\/02\/Melonenbrautpaar-Hochzeit-1024x1024.png\" alt=\"\" class=\"wp-image-334\" style=\"width:556px;height:auto\" srcset=\"https:\/\/funny-food.de\/wp-content\/uploads\/2025\/02\/Melonenbrautpaar-Hochzeit-1024x1024.png 1024w, https:\/\/funny-food.de\/wp-content\/uploads\/2025\/02\/Melonenbrautpaar-Hochzeit-300x300.png 300w, https:\/\/funny-food.de\/wp-content\/uploads\/2025\/02\/Melonenbrautpaar-Hochzeit-150x150.png 150w, https:\/\/funny-food.de\/wp-content\/uploads\/2025\/02\/Melonenbrautpaar-Hochzeit-768x768.png 768w, https:\/\/funny-food.de\/wp-content\/uploads\/2025\/02\/Melonenbrautpaar-Hochzeit-1536x1536.png 1536w, https:\/\/funny-food.de\/wp-content\/uploads\/2025\/02\/Melonenbrautpaar-Hochzeit.png 2048w\" sizes=\"auto, (max-width: 1024px) 100vw, 1024px\" \/><\/figure>\n<\/div>\n\n\n\n<div class=\"wp-block-column is-layout-flow wp-block-column-is-layout-flow\">\n<p><strong>Individuelle Events<\/strong><\/p>\n\n\n\n<p>Du findest funnyfood toll und m\u00f6chtest einen Eye-Catcher auf deinem Event haben?<\/p>\n\n\n\n<p>Egal ob runder Geburtstag, Hochzeit, Firmenfeier oder Kindergeburtstag&#8230;<\/p>\n\n\n\n<p>Ich freue mich \u00fcber deine Anfrage.<\/p>\n<\/div>\n<\/div>\n\n\n\n<div class=\"wp-block-columns is-layout-flex wp-container-core-columns-is-layout-28f84493 wp-block-columns-is-layout-flex\">\n<div class=\"wp-block-column is-layout-flow wp-block-column-is-layout-flow\"><\/div>\n\n\n\n<div class=\"wp-block-column is-layout-flow wp-block-column-is-layout-flow\"><\/div>\n<\/div>\n\n\n\n<hr class=\"wp-block-separator has-alpha-channel-opacity is-style-wide\"\/>\n\n\n\n<h2 class=\"wp-block-heading\">Anfrage<\/h2>\n\n\n<div class=\"wpforms-container wpforms-container-full wpforms-block wpforms-block-cf0ba9be-42e8-4d01-8653-f3b6c2302155 wpforms-render-modern\" id=\"wpforms-13\"><form id=\"wpforms-form-13\" class=\"wpforms-validate wpforms-form wpforms-ajax-form\" data-formid=\"13\" method=\"post\" enctype=\"multipart\/form-data\" action=\"\/index.php?rest_route=%2Fwp%2Fv2%2Fpages%2F169\" data-token=\"656de85699df77344d580a6655ca8acf\" data-token-time=\"1778771329\"><noscript class=\"wpforms-error-noscript\">Bitte aktiviere JavaScript in deinem Browser, um dieses Formular fertigzustellen.<\/noscript><div id=\"wpforms-error-noscript\" style=\"display: none;\">Bitte aktiviere JavaScript in deinem Browser, um dieses Formular fertigzustellen.<\/div><div class=\"wpforms-field-container\"><div id=\"wpforms-13-field_0-container\" class=\"wpforms-field wpforms-field-name\" data-field-id=\"0\"><fieldset><legend class=\"wpforms-field-label\">Name <span class=\"wpforms-required-label\" aria-hidden=\"true\">*<\/span><\/legend><div class=\"wpforms-field-row wpforms-field-medium\"><div class=\"wpforms-field-row-block wpforms-first wpforms-one-half\"><input type=\"text\" id=\"wpforms-13-field_0\" class=\"wpforms-field-name-first wpforms-field-required\" name=\"wpforms[fields][0][first]\" aria-errormessage=\"wpforms-13-field_0-error\" required><label for=\"wpforms-13-field_0\" class=\"wpforms-field-sublabel after\">Vorname<\/label><\/div><div class=\"wpforms-field-row-block wpforms-one-half\"><input type=\"text\" id=\"wpforms-13-field_0-last\" class=\"wpforms-field-name-last wpforms-field-required\" name=\"wpforms[fields][0][last]\" aria-errormessage=\"wpforms-13-field_0-last-error\" required><label for=\"wpforms-13-field_0-last\" class=\"wpforms-field-sublabel after\">Nachname<\/label><\/div><\/div><\/fieldset><\/div><div id=\"wpforms-13-field_1-container\" class=\"wpforms-field wpforms-field-email\" data-field-id=\"1\"><label class=\"wpforms-field-label\" for=\"wpforms-13-field_1\">E-Mail-Adresse <span class=\"wpforms-required-label\" aria-hidden=\"true\">*<\/span><\/label><input type=\"email\" id=\"wpforms-13-field_1\" class=\"wpforms-field-medium wpforms-field-required\" name=\"wpforms[fields][1]\" spellcheck=\"false\" aria-errormessage=\"wpforms-13-field_1-error\" required><\/div>\t\t<div id=\"wpforms-13-field_4-container\"\n\t\t\tclass=\"wpforms-field wpforms-field-text\"\n\t\t\tdata-field-type=\"text\"\n\t\t\tdata-field-id=\"4\"\n\t\t\t>\n\t\t\t<label class=\"wpforms-field-label\" for=\"wpforms-13-field_4\" >Nachricht DSGVO-Einverst\u00e4ndnis Ich<\/label>\n\t\t\t<input type=\"text\" id=\"wpforms-13-field_4\" class=\"wpforms-field-medium\" name=\"wpforms[fields][4]\" >\n\t\t<\/div>\n\t\t<div id=\"wpforms-13-field_6-container\" class=\"wpforms-field wpforms-field-select wpforms-field-select-style-classic\" data-field-id=\"6\"><label class=\"wpforms-field-label\" for=\"wpforms-13-field_6\">Ich habe Interesse an <span class=\"wpforms-required-label\" aria-hidden=\"true\">*<\/span><\/label><select id=\"wpforms-13-field_6\" class=\"wpforms-field-medium wpforms-field-required\" name=\"wpforms[fields][6]\" required=\"required\"><option value=\"Kindergeburtstag\"  class=\"choice-15 depth-1\"  >Kindergeburtstag<\/option><option value=\"Wassermelonentorte\"  class=\"choice-22 depth-1\"  >Wassermelonentorte<\/option><option value=\"Workshop am 2.5.2026 10.30-12.30 Uhr\"  class=\"choice-23 depth-1\"  >Workshop am 2.5.2026 10.30-12.30 Uhr<\/option><option value=\"Workshop am 3.5.2026 11.00-13.00 Uhr\"  class=\"choice-18 depth-1\"  >Workshop am 3.5.2026 11.00-13.00 Uhr<\/option><option value=\"Individuelles Event\"  class=\"choice-4 depth-1\"  >Individuelles Event<\/option><option value=\"Sonstiges\"  class=\"choice-5 depth-1\"  >Sonstiges<\/option><option value=\"Junggesellenabschied\"  class=\"choice-20 depth-1\"  >Junggesellenabschied<\/option><\/select><\/div><div id=\"wpforms-13-field_2-container\" class=\"wpforms-field wpforms-field-textarea\" data-field-id=\"2\"><label class=\"wpforms-field-label\" for=\"wpforms-13-field_2\">Kommentar oder Nachricht<\/label><textarea id=\"wpforms-13-field_2\" class=\"wpforms-field-medium\" name=\"wpforms[fields][2]\" aria-errormessage=\"wpforms-13-field_2-error\" ><\/textarea><\/div><div id=\"wpforms-13-field_3-container\" class=\"wpforms-field wpforms-field-gdpr-checkbox\" data-field-id=\"3\"><label class=\"wpforms-field-label\">DSGVO-Einverst\u00e4ndnis <span class=\"wpforms-required-label\" aria-hidden=\"true\">*<\/span><\/label><ul id=\"wpforms-13-field_3\" class=\"wpforms-field-required\"><li class=\"choice-1\"><input type=\"checkbox\" id=\"wpforms-13-field_3_1\" name=\"wpforms[fields][3][]\" value=\"Ich willige ein, dass diese Website meine \u00fcbermittelten Informationen speichert, sodass meine Anfrage beantwortet werden kann.\" aria-errormessage=\"wpforms-13-field_3_1-error\" required ><label class=\"wpforms-field-label-inline\" for=\"wpforms-13-field_3_1\">Ich willige ein, dass diese Website meine \u00fcbermittelten Informationen speichert, sodass meine Anfrage beantwortet werden kann.<\/label><\/li><\/ul><\/div><script>\n\t\t\t\t( function() {\n\t\t\t\t\tconst style = document.createElement( 'style' );\n\t\t\t\t\tstyle.appendChild( document.createTextNode( '#wpforms-13-field_4-container { position: absolute !important; overflow: hidden !important; display: inline !important; height: 1px !important; width: 1px !important; z-index: -1000 !important; padding: 0 !important; } #wpforms-13-field_4-container input { visibility: hidden; } #wpforms-conversational-form-page #wpforms-13-field_4-container label { counter-increment: none; }' ) );\n\t\t\t\t\tdocument.head.appendChild( style );\n\t\t\t\t\tdocument.currentScript?.remove();\n\t\t\t\t} )();\n\t\t\t<\/script><\/div><!-- .wpforms-field-container --><div class=\"wpforms-recaptcha-container wpforms-is-hcaptcha\" ><div class=\"h-captcha\" data-sitekey=\"1d724198-01a0-4678-bf1c-e28250b4a33e\"><\/div><input type=\"text\" name=\"g-recaptcha-hidden\" class=\"wpforms-recaptcha-hidden\" style=\"position:absolute!important;clip:rect(0,0,0,0)!important;height:1px!important;width:1px!important;border:0!important;overflow:hidden!important;padding:0!important;margin:0!important;\" data-rule-hcaptcha=\"1\"><\/div><div class=\"wpforms-submit-container\" ><input type=\"hidden\" name=\"wpforms[id]\" value=\"13\"><input type=\"hidden\" name=\"page_title\" value=\"\"><input type=\"hidden\" name=\"page_url\" value=\"https:\/\/funny-food.de\/index.php?rest_route=\/wp\/v2\/pages\/169\"><input type=\"hidden\" name=\"url_referer\" value=\"\"><button type=\"submit\" name=\"wpforms[submit]\" id=\"wpforms-submit-13\" class=\"wpforms-submit\" data-alt-text=\"Wird gesendet\u00a0\u2026\" data-submit-text=\"Absenden\" aria-live=\"assertive\" value=\"wpforms-submit\">Absenden<\/button><img loading=\"lazy\" decoding=\"async\" src=\"https:\/\/funny-food.de\/wp-content\/plugins\/wpforms-lite\/assets\/images\/submit-spin.svg\" class=\"wpforms-submit-spinner\" style=\"display: none;\" width=\"26\" height=\"26\" alt=\"Wird geladen\"><\/div><\/form><\/div>  <!-- .wpforms-container -->","protected":false},"excerpt":{"rendered":"<p>Aktuelle Workshops findest du unter &#8222;Aktuelles&#8220;. F\u00fcr Workshops in deiner Kita, Schule, Unternehmen, Zuhause,.. kontaktiere mich einfach \u00fcber das Kontaktformular<\/p>\n","protected":false},"author":1,"featured_media":0,"parent":0,"menu_order":0,"comment_status":"closed","ping_status":"closed","template":"","meta":{"colormag_page_container_layout":"default_layout","colormag_page_sidebar_layout":"default_layout","footnotes":""},"class_list":["post-169","page","type-page","status-publish","hentry"],"yoast_head":"<!-- This site is optimized with the Yoast SEO plugin v27.6 - https:\/\/yoast.com\/product\/yoast-seo-wordpress\/ -->\n<title>Workshops - funny-food<\/title>\n<meta name=\"robots\" content=\"index, follow, max-snippet:-1, max-image-preview:large, max-video-preview:-1\" \/>\n<link rel=\"canonical\" href=\"https:\/\/funny-food.de\/?page_id=169\" \/>\n<meta property=\"og:locale\" content=\"de_DE\" \/>\n<meta property=\"og:type\" content=\"article\" \/>\n<meta property=\"og:title\" content=\"Workshops - funny-food\" \/>\n<meta property=\"og:description\" content=\"Aktuelle Workshops findest du unter &#8222;Aktuelles&#8220;. F\u00fcr Workshops in deiner Kita, Schule, Unternehmen, Zuhause,.. kontaktiere mich einfach \u00fcber das Kontaktformular\" \/>\n<meta property=\"og:url\" content=\"https:\/\/funny-food.de\/?page_id=169\" \/>\n<meta property=\"og:site_name\" content=\"funny-food\" \/>\n<meta property=\"article:publisher\" content=\"https:\/\/www.facebook.com\/profile.php?id=100084257740319\" \/>\n<meta property=\"article:modified_time\" content=\"2025-06-16T12:02:44+00:00\" \/>\n<meta property=\"og:image\" content=\"https:\/\/funny-food.de\/wp-content\/uploads\/2024\/05\/Ausflug-in-den-Zoo-1024x576.png\" \/>\n\t<meta property=\"og:image:width\" content=\"1024\" \/>\n\t<meta property=\"og:image:height\" content=\"576\" \/>\n\t<meta property=\"og:image:type\" content=\"image\/png\" \/>\n<meta name=\"twitter:card\" content=\"summary_large_image\" \/>\n<meta name=\"twitter:label1\" content=\"Gesch\u00e4tzte Lesezeit\" \/>\n\t<meta name=\"twitter:data1\" content=\"3\u00a0Minuten\" \/>\n<script type=\"application\/ld+json\" class=\"yoast-schema-graph\">{\"@context\":\"https:\\\/\\\/schema.org\",\"@graph\":[{\"@type\":\"WebPage\",\"@id\":\"https:\\\/\\\/funny-food.de\\\/?page_id=169\",\"url\":\"https:\\\/\\\/funny-food.de\\\/?page_id=169\",\"name\":\"Workshops - funny-food\",\"isPartOf\":{\"@id\":\"https:\\\/\\\/funny-food.de\\\/#website\"},\"primaryImageOfPage\":{\"@id\":\"https:\\\/\\\/funny-food.de\\\/?page_id=169#primaryimage\"},\"image\":{\"@id\":\"https:\\\/\\\/funny-food.de\\\/?page_id=169#primaryimage\"},\"thumbnailUrl\":\"https:\\\/\\\/funny-food.de\\\/wp-content\\\/uploads\\\/2024\\\/05\\\/Ausflug-in-den-Zoo-1024x576.png\",\"datePublished\":\"2024-05-18T15:39:35+00:00\",\"dateModified\":\"2025-06-16T12:02:44+00:00\",\"breadcrumb\":{\"@id\":\"https:\\\/\\\/funny-food.de\\\/?page_id=169#breadcrumb\"},\"inLanguage\":\"de\",\"potentialAction\":[{\"@type\":\"ReadAction\",\"target\":[\"https:\\\/\\\/funny-food.de\\\/?page_id=169\"]}]},{\"@type\":\"ImageObject\",\"inLanguage\":\"de\",\"@id\":\"https:\\\/\\\/funny-food.de\\\/?page_id=169#primaryimage\",\"url\":\"https:\\\/\\\/funny-food.de\\\/wp-content\\\/uploads\\\/2024\\\/05\\\/Ausflug-in-den-Zoo.png\",\"contentUrl\":\"https:\\\/\\\/funny-food.de\\\/wp-content\\\/uploads\\\/2024\\\/05\\\/Ausflug-in-den-Zoo.png\",\"width\":4000,\"height\":2249},{\"@type\":\"BreadcrumbList\",\"@id\":\"https:\\\/\\\/funny-food.de\\\/?page_id=169#breadcrumb\",\"itemListElement\":[{\"@type\":\"ListItem\",\"position\":1,\"name\":\"Startseite\",\"item\":\"https:\\\/\\\/funny-food.de\\\/\"},{\"@type\":\"ListItem\",\"position\":2,\"name\":\"Workshops\"}]},{\"@type\":\"WebSite\",\"@id\":\"https:\\\/\\\/funny-food.de\\\/#website\",\"url\":\"https:\\\/\\\/funny-food.de\\\/\",\"name\":\"Funny Food\",\"description\":\"Kreatives aus Obst und Gem\u00fcse\",\"publisher\":{\"@id\":\"https:\\\/\\\/funny-food.de\\\/#organization\"},\"potentialAction\":[{\"@type\":\"SearchAction\",\"target\":{\"@type\":\"EntryPoint\",\"urlTemplate\":\"https:\\\/\\\/funny-food.de\\\/?s={search_term_string}\"},\"query-input\":{\"@type\":\"PropertyValueSpecification\",\"valueRequired\":true,\"valueName\":\"search_term_string\"}}],\"inLanguage\":\"de\"},{\"@type\":\"Organization\",\"@id\":\"https:\\\/\\\/funny-food.de\\\/#organization\",\"name\":\"Funny-food.de\",\"url\":\"https:\\\/\\\/funny-food.de\\\/\",\"logo\":{\"@type\":\"ImageObject\",\"inLanguage\":\"de\",\"@id\":\"https:\\\/\\\/funny-food.de\\\/#\\\/schema\\\/logo\\\/image\\\/\",\"url\":\"https:\\\/\\\/funny-food.de\\\/wp-content\\\/uploads\\\/2024\\\/02\\\/HORIZONTAL_FUNNYFOOD-1.png\",\"contentUrl\":\"https:\\\/\\\/funny-food.de\\\/wp-content\\\/uploads\\\/2024\\\/02\\\/HORIZONTAL_FUNNYFOOD-1.png\",\"width\":1008,\"height\":399,\"caption\":\"Funny-food.de\"},\"image\":{\"@id\":\"https:\\\/\\\/funny-food.de\\\/#\\\/schema\\\/logo\\\/image\\\/\"},\"sameAs\":[\"https:\\\/\\\/www.facebook.com\\\/profile.php?id=100084257740319\",\"https:\\\/\\\/www.instagram.com\\\/funnyfood.de\\\/\"]}]}<\/script>\n<!-- \/ Yoast SEO plugin. -->","yoast_head_json":{"title":"Workshops - funny-food","robots":{"index":"index","follow":"follow","max-snippet":"max-snippet:-1","max-image-preview":"max-image-preview:large","max-video-preview":"max-video-preview:-1"},"canonical":"https:\/\/funny-food.de\/?page_id=169","og_locale":"de_DE","og_type":"article","og_title":"Workshops - funny-food","og_description":"Aktuelle Workshops findest du unter &#8222;Aktuelles&#8220;. F\u00fcr Workshops in deiner Kita, Schule, Unternehmen, Zuhause,.. kontaktiere mich einfach \u00fcber das Kontaktformular","og_url":"https:\/\/funny-food.de\/?page_id=169","og_site_name":"funny-food","article_publisher":"https:\/\/www.facebook.com\/profile.php?id=100084257740319","article_modified_time":"2025-06-16T12:02:44+00:00","og_image":[{"width":1024,"height":576,"url":"https:\/\/funny-food.de\/wp-content\/uploads\/2024\/05\/Ausflug-in-den-Zoo-1024x576.png","type":"image\/png"}],"twitter_card":"summary_large_image","twitter_misc":{"Gesch\u00e4tzte Lesezeit":"3\u00a0Minuten"},"schema":{"@context":"https:\/\/schema.org","@graph":[{"@type":"WebPage","@id":"https:\/\/funny-food.de\/?page_id=169","url":"https:\/\/funny-food.de\/?page_id=169","name":"Workshops - funny-food","isPartOf":{"@id":"https:\/\/funny-food.de\/#website"},"primaryImageOfPage":{"@id":"https:\/\/funny-food.de\/?page_id=169#primaryimage"},"image":{"@id":"https:\/\/funny-food.de\/?page_id=169#primaryimage"},"thumbnailUrl":"https:\/\/funny-food.de\/wp-content\/uploads\/2024\/05\/Ausflug-in-den-Zoo-1024x576.png","datePublished":"2024-05-18T15:39:35+00:00","dateModified":"2025-06-16T12:02:44+00:00","breadcrumb":{"@id":"https:\/\/funny-food.de\/?page_id=169#breadcrumb"},"inLanguage":"de","potentialAction":[{"@type":"ReadAction","target":["https:\/\/funny-food.de\/?page_id=169"]}]},{"@type":"ImageObject","inLanguage":"de","@id":"https:\/\/funny-food.de\/?page_id=169#primaryimage","url":"https:\/\/funny-food.de\/wp-content\/uploads\/2024\/05\/Ausflug-in-den-Zoo.png","contentUrl":"https:\/\/funny-food.de\/wp-content\/uploads\/2024\/05\/Ausflug-in-den-Zoo.png","width":4000,"height":2249},{"@type":"BreadcrumbList","@id":"https:\/\/funny-food.de\/?page_id=169#breadcrumb","itemListElement":[{"@type":"ListItem","position":1,"name":"Startseite","item":"https:\/\/funny-food.de\/"},{"@type":"ListItem","position":2,"name":"Workshops"}]},{"@type":"WebSite","@id":"https:\/\/funny-food.de\/#website","url":"https:\/\/funny-food.de\/","name":"Funny Food","description":"Kreatives aus Obst und Gem\u00fcse","publisher":{"@id":"https:\/\/funny-food.de\/#organization"},"potentialAction":[{"@type":"SearchAction","target":{"@type":"EntryPoint","urlTemplate":"https:\/\/funny-food.de\/?s={search_term_string}"},"query-input":{"@type":"PropertyValueSpecification","valueRequired":true,"valueName":"search_term_string"}}],"inLanguage":"de"},{"@type":"Organization","@id":"https:\/\/funny-food.de\/#organization","name":"Funny-food.de","url":"https:\/\/funny-food.de\/","logo":{"@type":"ImageObject","inLanguage":"de","@id":"https:\/\/funny-food.de\/#\/schema\/logo\/image\/","url":"https:\/\/funny-food.de\/wp-content\/uploads\/2024\/02\/HORIZONTAL_FUNNYFOOD-1.png","contentUrl":"https:\/\/funny-food.de\/wp-content\/uploads\/2024\/02\/HORIZONTAL_FUNNYFOOD-1.png","width":1008,"height":399,"caption":"Funny-food.de"},"image":{"@id":"https:\/\/funny-food.de\/#\/schema\/logo\/image\/"},"sameAs":["https:\/\/www.facebook.com\/profile.php?id=100084257740319","https:\/\/www.instagram.com\/funnyfood.de\/"]}]}},"_links":{"self":[{"href":"https:\/\/funny-food.de\/index.php?rest_route=\/wp\/v2\/pages\/169","targetHints":{"allow":["GET"]}}],"collection":[{"href":"https:\/\/funny-food.de\/index.php?rest_route=\/wp\/v2\/pages"}],"about":[{"href":"https:\/\/funny-food.de\/index.php?rest_route=\/wp\/v2\/types\/page"}],"author":[{"embeddable":true,"href":"https:\/\/funny-food.de\/index.php?rest_route=\/wp\/v2\/users\/1"}],"replies":[{"embeddable":true,"href":"https:\/\/funny-food.de\/index.php?rest_route=%2Fwp%2Fv2%2Fcomments&post=169"}],"version-history":[{"count":28,"href":"https:\/\/funny-food.de\/index.php?rest_route=\/wp\/v2\/pages\/169\/revisions"}],"predecessor-version":[{"id":467,"href":"https:\/\/funny-food.de\/index.php?rest_route=\/wp\/v2\/pages\/169\/revisions\/467"}],"wp:attachment":[{"href":"https:\/\/funny-food.de\/index.php?rest_route=%2Fwp%2Fv2%2Fmedia&parent=169"}],"curies":[{"name":"wp","href":"https:\/\/api.w.org\/{rel}","templated":true}]}}